{"id":6,"date":"2020-04-22T17:41:43","date_gmt":"2020-04-22T17:41:43","guid":{"rendered":"http:\/\/www.vuolte.fi\/moonmaster\/?page_id=6"},"modified":"2021-08-16T12:16:37","modified_gmt":"2021-08-16T12:16:37","slug":"uusi-umoma-avaa-ovensa-2","status":"publish","type":"page","link":"https:\/\/moonmaster.fi\/moonmaster\/","title":{"rendered":"Levi Is\u00e4nn\u00f6inti"},"content":{"rendered":"<div id=\"pl-6\"  class=\"panel-layout\" ><div id=\"pg-6-0\"  class=\"panel-grid panel-no-style\" ><div id=\"pgc-6-0-0\"  class=\"panel-grid-cell\" ><div id=\"panel-6-0-0-0\" class=\"so-panel widget widget_text panel-first-child\" data-index=\"0\" >\t\t\t<div class=\"textwidget\"><p>Kuu-Is\u00e4nt\u00e4 Oy toimii Levill\u00e4, jossa harjoittaa is\u00e4nn\u00f6intitoimintaa ja tarjoaa majoitusta lomailijoille.<\/p>\n<\/div>\n\t\t<\/div><div id=\"panel-6-0-0-1\" class=\"so-panel widget widget_text panel-last-child\" data-index=\"1\" ><h3 class=\"widget-title\">Is\u00e4nn\u00f6intitoimisto Levill\u00e4<\/h3>\t\t\t<div class=\"textwidget\"><p>Tarjoamme is\u00e4nn\u00f6intipalveluja asunto- ja kiinteist\u00f6osakeyhti\u00f6muotoisille kiinteist\u00f6ille Levill\u00e4<\/p>\n<p><a href=\"https:\/\/moonmaster.fi\/moonmaster\/isannointi\/\">Is\u00e4nn\u00f6itsij\u00e4 Leville<\/a><\/p>\n<\/div>\n\t\t<\/div><\/div><\/div><div id=\"pg-6-1\"  class=\"panel-grid panel-no-style\" ><div id=\"pgc-6-1-0\"  class=\"panel-grid-cell\" ><div id=\"panel-6-1-0-0\" class=\"so-panel widget widget_text panel-first-child panel-last-child\" data-index=\"2\" ><h3 class=\"widget-title\">M\u00f6kkimajoitus Levi<\/h3>\t\t\t<div class=\"textwidget\"><p>Varaa nyt Levi-lomasi rauhallisesta ja tunnelmallisesta py\u00f6r\u00f6hirsihuvilasta <a href=\"https:\/\/moonmaster.fi\/moonmaster\/koutamaa-mokki\/\">Koutamaassa<\/a> !<\/p>\n<\/div>\n\t\t<\/div><\/div><div id=\"pgc-6-1-1\"  class=\"panel-grid-cell\" ><div id=\"panel-6-1-1-0\" class=\"so-panel widget widget_sow-image panel-first-child panel-last-child\" data-index=\"3\" ><div class=\"so-widget-sow-image so-widget-sow-image-default-d6014b76747a-6\">\n\n<div class=\"sow-image-container\">\n\t\t\t<a\n\t\t\thref=\"https:\/\/moonmaster.fi\/moonmaster\/koutamaa-mokki\/\"\n\t\t\t\t\t>\n\t\t\t<img src=\"https:\/\/moonmaster.fi\/moonmaster\/wp-content\/uploads\/2020\/06\/Koutamaa.png\" width=\"672\" height=\"683\" srcset=\"https:\/\/moonmaster.fi\/moonmaster\/wp-content\/uploads\/2020\/06\/Koutamaa.png 672w, https:\/\/moonmaster.fi\/moonmaster\/wp-content\/uploads\/2020\/06\/Koutamaa-295x300.png 295w\" sizes=\"(max-width: 672px) 100vw, 672px\" title=\"Koutamaa Ilveksenpes\u00e4\" alt=\"Koutamaa m\u00f6kki\" loading=\"lazy\" \t\tclass=\"so-widget-image\"\/>\n\t<\/a><\/div>\n\n<\/div><\/div><\/div><\/div><\/div>","protected":false},"excerpt":{"rendered":"<p>Kuu-Is\u00e4nt\u00e4 Oy toimii Levill\u00e4, jossa harjoittaa is\u00e4nn\u00f6intitoimintaa ja tarjoaa majoitusta lomailijoille. Tarjoamme is\u00e4nn\u00f6intipalveluja asunto- ja kiinteist\u00f6osakeyhti\u00f6muotoisille kiinteist\u00f6ille Levill\u00e4 Is\u00e4nn\u00f6itsij\u00e4 Leville Varaa nyt Levi-lomasi rauhallisesta ja tunnelmallisesta py\u00f6r\u00f6hirsihuvilasta Koutamaassa !<\/p>\n","protected":false},"author":1,"featured_media":0,"parent":0,"menu_order":0,"comment_status":"closed","ping_status":"closed","template":"","meta":[],"yoast_head":"<!-- This site is optimized with the Yoast SEO plugin v18.4.1 - https:\/\/yoast.com\/wordpress\/plugins\/seo\/ -->\n<title>Is\u00e4nn\u00f6intitoimisto Kuu-Is\u00e4nt\u00e4 Oy - Levi Is\u00e4nn\u00f6inti<\/title>\n<meta name=\"description\" content=\"Is\u00e4nn\u00f6intitoimisto Kuu-Is\u00e4nt\u00e4 Oy:n toimialana on Levi is\u00e4nn\u00f6inti sek\u00e4 majoituspalvelut. Tarjoamme is\u00e4nn\u00f6inti\u00e4 asunto- ja kiinteist\u00f6osakeyhti\u00f6ille.\" \/>\n<meta name=\"robots\" content=\"index, follow, max-snippet:-1, max-image-preview:large, max-video-preview:-1\" \/>\n<link rel=\"canonical\" href=\"https:\/\/moonmaster.fi\/moonmaster\/\" \/>\n<meta property=\"og:locale\" content=\"fi_FI\" \/>\n<meta property=\"og:type\" content=\"article\" \/>\n<meta property=\"og:title\" content=\"Is\u00e4nn\u00f6intitoimisto Kuu-Is\u00e4nt\u00e4 Oy - Levi Is\u00e4nn\u00f6inti\" \/>\n<meta property=\"og:description\" content=\"Is\u00e4nn\u00f6intitoimisto Kuu-Is\u00e4nt\u00e4 Oy:n toimialana on Levi is\u00e4nn\u00f6inti sek\u00e4 majoituspalvelut. Tarjoamme is\u00e4nn\u00f6inti\u00e4 asunto- ja kiinteist\u00f6osakeyhti\u00f6ille.\" \/>\n<meta property=\"og:url\" content=\"https:\/\/moonmaster.fi\/moonmaster\/\" \/>\n<meta property=\"og:site_name\" content=\"Moonmaster\" \/>\n<meta property=\"article:modified_time\" content=\"2021-08-16T12:16:37+00:00\" \/>\n<meta name=\"twitter:card\" content=\"summary_large_image\" \/>\n<meta name=\"twitter:label1\" content=\"Arvioitu lukuaika\" \/>\n\t<meta name=\"twitter:data1\" content=\"1 minuutti\" \/>\n<script type=\"application\/ld+json\" class=\"yoast-schema-graph\">{\"@context\":\"https:\/\/schema.org\",\"@graph\":[{\"@type\":\"WebSite\",\"@id\":\"https:\/\/moonmaster.fi\/moonmaster\/#website\",\"url\":\"https:\/\/moonmaster.fi\/moonmaster\/\",\"name\":\"Moonmaster\",\"description\":\"Is&auml;nn&ouml;intitoimintaa ja majoitusta Levill&auml;\",\"potentialAction\":[{\"@type\":\"SearchAction\",\"target\":{\"@type\":\"EntryPoint\",\"urlTemplate\":\"https:\/\/moonmaster.fi\/moonmaster\/?s={search_term_string}\"},\"query-input\":\"required name=search_term_string\"}],\"inLanguage\":\"fi\"},{\"@type\":\"WebPage\",\"@id\":\"https:\/\/moonmaster.fi\/moonmaster\/#webpage\",\"url\":\"https:\/\/moonmaster.fi\/moonmaster\/\",\"name\":\"Is\u00e4nn\u00f6intitoimisto Kuu-Is\u00e4nt\u00e4 Oy - Levi Is\u00e4nn\u00f6inti\",\"isPartOf\":{\"@id\":\"https:\/\/moonmaster.fi\/moonmaster\/#website\"},\"datePublished\":\"2020-04-22T17:41:43+00:00\",\"dateModified\":\"2021-08-16T12:16:37+00:00\",\"description\":\"Is\u00e4nn\u00f6intitoimisto Kuu-Is\u00e4nt\u00e4 Oy:n toimialana on Levi is\u00e4nn\u00f6inti sek\u00e4 majoituspalvelut. Tarjoamme is\u00e4nn\u00f6inti\u00e4 asunto- ja kiinteist\u00f6osakeyhti\u00f6ille.\",\"breadcrumb\":{\"@id\":\"https:\/\/moonmaster.fi\/moonmaster\/#breadcrumb\"},\"inLanguage\":\"fi\",\"potentialAction\":[{\"@type\":\"ReadAction\",\"target\":[\"https:\/\/moonmaster.fi\/moonmaster\/\"]}]},{\"@type\":\"BreadcrumbList\",\"@id\":\"https:\/\/moonmaster.fi\/moonmaster\/#breadcrumb\",\"itemListElement\":[{\"@type\":\"ListItem\",\"position\":1,\"name\":\"Home\",\"item\":\"https:\/\/moonmaster.fi\/moonmaster\/\"},{\"@type\":\"ListItem\",\"position\":2,\"name\":\"Levi Is\u00e4nn\u00f6inti\"}]}]}<\/script>\n<!-- \/ Yoast SEO plugin. -->","yoast_head_json":{"title":"Is\u00e4nn\u00f6intitoimisto Kuu-Is\u00e4nt\u00e4 Oy - Levi Is\u00e4nn\u00f6inti","description":"Is\u00e4nn\u00f6intitoimisto Kuu-Is\u00e4nt\u00e4 Oy:n toimialana on Levi is\u00e4nn\u00f6inti sek\u00e4 majoituspalvelut. Tarjoamme is\u00e4nn\u00f6inti\u00e4 asunto- ja kiinteist\u00f6osakeyhti\u00f6ille.","robots":{"index":"index","follow":"follow","max-snippet":"max-snippet:-1","max-image-preview":"max-image-preview:large","max-video-preview":"max-video-preview:-1"},"canonical":"https:\/\/moonmaster.fi\/moonmaster\/","og_locale":"fi_FI","og_type":"article","og_title":"Is\u00e4nn\u00f6intitoimisto Kuu-Is\u00e4nt\u00e4 Oy - Levi Is\u00e4nn\u00f6inti","og_description":"Is\u00e4nn\u00f6intitoimisto Kuu-Is\u00e4nt\u00e4 Oy:n toimialana on Levi is\u00e4nn\u00f6inti sek\u00e4 majoituspalvelut. Tarjoamme is\u00e4nn\u00f6inti\u00e4 asunto- ja kiinteist\u00f6osakeyhti\u00f6ille.","og_url":"https:\/\/moonmaster.fi\/moonmaster\/","og_site_name":"Moonmaster","article_modified_time":"2021-08-16T12:16:37+00:00","twitter_card":"summary_large_image","twitter_misc":{"Arvioitu lukuaika":"1 minuutti"},"schema":{"@context":"https:\/\/schema.org","@graph":[{"@type":"WebSite","@id":"https:\/\/moonmaster.fi\/moonmaster\/#website","url":"https:\/\/moonmaster.fi\/moonmaster\/","name":"Moonmaster","description":"Is&auml;nn&ouml;intitoimintaa ja majoitusta Levill&auml;","potentialAction":[{"@type":"SearchAction","target":{"@type":"EntryPoint","urlTemplate":"https:\/\/moonmaster.fi\/moonmaster\/?s={search_term_string}"},"query-input":"required name=search_term_string"}],"inLanguage":"fi"},{"@type":"WebPage","@id":"https:\/\/moonmaster.fi\/moonmaster\/#webpage","url":"https:\/\/moonmaster.fi\/moonmaster\/","name":"Is\u00e4nn\u00f6intitoimisto Kuu-Is\u00e4nt\u00e4 Oy - Levi Is\u00e4nn\u00f6inti","isPartOf":{"@id":"https:\/\/moonmaster.fi\/moonmaster\/#website"},"datePublished":"2020-04-22T17:41:43+00:00","dateModified":"2021-08-16T12:16:37+00:00","description":"Is\u00e4nn\u00f6intitoimisto Kuu-Is\u00e4nt\u00e4 Oy:n toimialana on Levi is\u00e4nn\u00f6inti sek\u00e4 majoituspalvelut. Tarjoamme is\u00e4nn\u00f6inti\u00e4 asunto- ja kiinteist\u00f6osakeyhti\u00f6ille.","breadcrumb":{"@id":"https:\/\/moonmaster.fi\/moonmaster\/#breadcrumb"},"inLanguage":"fi","potentialAction":[{"@type":"ReadAction","target":["https:\/\/moonmaster.fi\/moonmaster\/"]}]},{"@type":"BreadcrumbList","@id":"https:\/\/moonmaster.fi\/moonmaster\/#breadcrumb","itemListElement":[{"@type":"ListItem","position":1,"name":"Home","item":"https:\/\/moonmaster.fi\/moonmaster\/"},{"@type":"ListItem","position":2,"name":"Levi Is\u00e4nn\u00f6inti"}]}]}},"_links":{"self":[{"href":"https:\/\/moonmaster.fi\/moonmaster\/wp-json\/wp\/v2\/pages\/6"}],"collection":[{"href":"https:\/\/moonmaster.fi\/moonmaster\/wp-json\/wp\/v2\/pages"}],"about":[{"href":"https:\/\/moonmaster.fi\/moonmaster\/wp-json\/wp\/v2\/types\/page"}],"author":[{"embeddable":true,"href":"https:\/\/moonmaster.fi\/moonmaster\/wp-json\/wp\/v2\/users\/1"}],"replies":[{"embeddable":true,"href":"https:\/\/moonmaster.fi\/moonmaster\/wp-json\/wp\/v2\/comments?post=6"}],"version-history":[{"count":42,"href":"https:\/\/moonmaster.fi\/moonmaster\/wp-json\/wp\/v2\/pages\/6\/revisions"}],"predecessor-version":[{"id":323,"href":"https:\/\/moonmaster.fi\/moonmaster\/wp-json\/wp\/v2\/pages\/6\/revisions\/323"}],"wp:attachment":[{"href":"https:\/\/moonmaster.fi\/moonmaster\/wp-json\/wp\/v2\/media?parent=6"}],"curies":[{"name":"wp","href":"https:\/\/api.w.org\/{rel}","templated":true}]}}