{"id":29,"date":"2020-04-23T10:52:05","date_gmt":"2020-04-23T10:52:05","guid":{"rendered":"http:\/\/moonmaster.fi\/moonmaster\/?page_id=29"},"modified":"2026-01-20T17:24:43","modified_gmt":"2026-01-20T17:24:43","slug":"koutamaa-mokki","status":"publish","type":"page","link":"https:\/\/moonmaster.fi\/moonmaster\/koutamaa-mokki\/","title":{"rendered":"Koutamaa m\u00f6kki"},"content":{"rendered":"\r\n<h2><strong>Koutamaa m\u00f6kki &#8211; Majoitu Levill\u00e4 Ilveksenpes\u00e4ss\u00e4\u00a0<\/strong><\/h2>\r\n\r\n\r\n\r\n<p>Ilveksenpes\u00e4 on tunnelmallinen 143 neli\u00f6n Honkarakenteen py\u00f6r\u00f6hirsim\u00f6kki. Koutamaa m\u00f6kki sis\u00e4lt\u00e4\u00e4 vuodepaikkoja maksimissaan 6+2 hengelle: kolme eri kerroksissa olevaa <strong>rauhallista<\/strong>\u00a0makuuhuonetta sek\u00e4 vuodesohvat kahdessa eri kerroksessa.<\/p>\r\n\r\n\r\n\r\n<h4><strong>Perustiedot<\/strong>:<\/h4>\r\n\r\n\r\n\r\n<ul>\r\n<li>Sijainti: Koutamaantie 4, Koutamaassa (Gondolin ja Levikeskuksen v\u00e4lill\u00e4 oleva alue)<\/li>\r\n<li>Et\u00e4isyydet: suksibussi 650 m, l\u00e4hin ravintola 750 m, kauppa\/huoltoasema\u00a0n. 1 km, Levikeskus\u00a02 km, ladulle 300 m<\/li>\r\n<li>Parveke ja terassi:\u00a0l\u00e4nteen<\/li>\r\n<li>Vuodepaikat: 6 (+2), kolme makuuhuonetta (yhdess\u00e4 paris\u00e4nky, yhdess\u00e4 erilliset\/yhdistett\u00e4v\u00e4t vuoteet, yhdess\u00e4 erilliset vuoteet)+ 2 vuodesohvaa<\/li>\r\n<li>WC:t: 2 kpl<\/li>\r\n<li>Sauna: Aina-Valmis s\u00e4hk\u00f6sauna<\/li>\r\n<li>Varustus: takka (2 kpl) \/ takkapuut, kaapeli-tv (2 televisiota),\u00a0DVD, s\u00e4hk\u00f6liesi+uuni, astianpesukone, mikro, kahvinkeitin, Nespresso-keitin, vedenkeitin, leiv\u00e4npaahdin, t\u00e4ydellinen astiasto v\u00e4h. 8:lle, j\u00e4\u00e4kaappi, pakastin, pyykinpesukone, koneellinen vaatteidenkuivauskaappi, silitysv\u00e4lineet, hiustenkuivain, lasten matkas\u00e4nky ja sy\u00f6tt\u00f6tuoli, suksien voitelupenkki<\/li>\r\n<\/ul>\r\n\r\n\r\n\r\n<h4><strong>Varaukset<\/strong>:<\/h4>\r\n\r\n\r\n\r\n<p>Ilveksenpes\u00e4n varaukset hoitaa <a href=\"https:\/\/www.airbnb.com\/rooms\/53641890?guests=1&amp;adults=1&amp;s=67&amp;unique_share_id=ba13d40b-a9f1-49d1-a8ba-df3fb66bf17a\" target=\"_blank\" rel=\"noopener\">Airbnb<\/a> tai <a href=\"https:\/\/www.levi.fi\/majoitus\/6-2-hengen-mokki-mkou4a-m12\/?d1=2025-01-26&amp;d2=2025-01-29&amp;na=2&amp;nc=0&amp;ni=0&amp;_gl=1*11xu9gp*_gcl_aw*R0NMLjE3MzYxNTQyMzUuRUFJYUlRb2JDaE1JMFBEVndkN2dpZ01WR1d5UkJSM1JTU1MyRUFBWUFTQUFFZ0t0R19EX0J3RQ..*_gcl_au*NjcyMjAxMTU1LjE3MzU4ODcxNDI.*_ga*NDU1MTgyMjIyLjE3MzU4ODcxNDI.*_ga_P4V0KVNYLP*MTczNzcxNjM4OS42LjEuMTczNzcxNjQxNy4zMi4wLjA.\" target=\"_blank\" rel=\"noopener\">Visit Levi<\/a>. Alla olevasta varauskalenterista voit katsoa vapaana olevia p\u00e4ivi\u00e4 (=mustalla n\u00e4kyv\u00e4t).<\/p>\r\n<p>HUOM. Digitaseen asiakkaat; yhteys meilitse suoraan asiakaspalveluun <a href=\"mailto:info@digitase.fi\">info@digitase.fi<\/a>.<\/p>\r\n\r\n\r\n\r\n<h4><strong>Sesonkikohtaiset hinnat<\/strong>:<\/h4>\r\n\r\n\r\n\r\n<ul>\r\n<li>Talvisesonki A ja B: 1970 \u20ac\/vko, vkonloppu to-su 1250 \u20ac, vrk (v\u00e4lill\u00e4 su-pe) 335 \u20ac (minimivuokra-aika 3 vrk, <strong>sis\u00e4ltyy aina loppusiivous)<\/strong>.<\/li>\r\n<li>Alennettu hintakausi: 680 \u20ac\/vko (minimi, sis\u00e4ltyy aina loppusiivous)<\/li>\r\n<\/ul>\r\n\r\n\r\n\r\n<p>Ei kiinte\u00e4\u00e4 vaihtop\u00e4iv\u00e4\u00e4. <a href=\"https:\/\/moonmaster.fi\/moonmaster\/yhteystiedot\/\" target=\"_blank\" rel=\"noopener\">Kysy erikseen<\/a> pidemp\u00e4\u00e4 aikaa esim. kes\u00e4kaudeksi.<\/p>\r\n\r\n\r\n\r\n<div class=\"wp-block-columns\">\r\n<div class=\"wp-block-column\">\r\n<h4>Kuvia kohteesta:<\/h4>\r\n\r\n\r\n<div id=\"metaslider-id-188\" style=\"width: 100%;\" class=\"ml-slider-3-27-3 metaslider metaslider-flex metaslider-188 ml-slider ms-theme-blend nav-hidden\">\n    <div id=\"metaslider_container_188\">\n        <div id=\"metaslider_188\" class=\"flexslider\">\n            <ul aria-live=\"polite\" class=\"slides\">\n                <li style=\"display: block; width: 100%;\" class=\"slide-192 ms-image\"><img src=\"https:\/\/moonmaster.fi\/moonmaster\/wp-content\/uploads\/2020\/06\/20180314_9003-0x0.jpg\" height=\"0\" width=\"0\" alt=\"Koutamaa m\u00f6kki\" class=\"slider-188 slide-192\" title=\"Ilveksenpes\u00e4\" \/><\/li>\n                <li style=\"display: none; width: 100%;\" class=\"slide-193 ms-image\"><img src=\"https:\/\/moonmaster.fi\/moonmaster\/wp-content\/uploads\/2020\/05\/20180308_0026-0x0.jpg\" height=\"0\" width=\"0\" alt=\"Koutamaa m\u00f6kki master bedroom\" class=\"slider-188 slide-193\" title=\"P\u00e4\u00e4makuuhuone\" \/><\/li>\n                <li style=\"display: none; width: 100%;\" class=\"slide-194 ms-image\"><img src=\"https:\/\/moonmaster.fi\/moonmaster\/wp-content\/uploads\/2020\/05\/20180308_0050-0x0.jpg\" height=\"0\" width=\"0\" alt=\"Koutamaa m\u00f6kki - oleskelu\" class=\"slider-188 slide-194\" title=\"Olohuone\" \/><\/li>\n                <li style=\"display: none; width: 100%;\" class=\"slide-195 ms-image\"><img src=\"https:\/\/moonmaster.fi\/moonmaster\/wp-content\/uploads\/2020\/05\/20180308_0080-0x0.jpg\" height=\"0\" width=\"0\" alt=\"Koutamaa m\u00f6kki - keitti\u00f6\" class=\"slider-188 slide-195\" title=\"Keitti\u00f6\/Olohuone\" \/><\/li>\n                <li style=\"display: none; width: 100%;\" class=\"slide-196 ms-image\"><img src=\"https:\/\/moonmaster.fi\/moonmaster\/wp-content\/uploads\/2020\/10\/20200511_122135-0x0.jpg\" height=\"0\" width=\"0\" alt=\"\" class=\"slider-188 slide-196\" title=\"Yl\u00e4kerran makuuhuone\" \/><\/li>\n                <li style=\"display: none; width: 100%;\" class=\"slide-197 ms-image\"><img src=\"https:\/\/moonmaster.fi\/moonmaster\/wp-content\/uploads\/2026\/01\/20250914_202144_b-0x0.jpg\" height=\"0\" width=\"0\" alt=\"\" class=\"slider-188 slide-197\" title=\"20250914_202144_b\" \/><\/li>\n                <li style=\"display: none; width: 100%;\" class=\"slide-198 ms-image\"><img src=\"https:\/\/moonmaster.fi\/moonmaster\/wp-content\/uploads\/2020\/05\/20180309_0110-0x0.jpg\" height=\"0\" width=\"0\" alt=\"\" class=\"slider-188 slide-198\" title=\"Keitti\u00f6\" \/><\/li>\n                <li style=\"display: none; width: 100%;\" class=\"slide-199 ms-image\"><img src=\"https:\/\/moonmaster.fi\/moonmaster\/wp-content\/uploads\/2026\/01\/20250425_090728_b-scaled-0x0.jpg\" height=\"0\" width=\"0\" alt=\"\" class=\"slider-188 slide-199\" title=\"20250425_090728_b\" \/><\/li>\n                <li style=\"display: none; width: 100%;\" class=\"slide-200 ms-image\"><img src=\"https:\/\/moonmaster.fi\/moonmaster\/wp-content\/uploads\/2020\/05\/20180309_0135-0x0.jpg\" height=\"0\" width=\"0\" alt=\"Koutamaa m\u00f6kki - takkahuone\" class=\"slider-188 slide-200\" title=\"Takkahuone\" \/><\/li>\n                <li style=\"display: none; width: 100%;\" class=\"slide-201 ms-image\"><img src=\"https:\/\/moonmaster.fi\/moonmaster\/wp-content\/uploads\/2020\/05\/20180309_0138-0x0.jpg\" height=\"0\" width=\"0\" alt=\"\" class=\"slider-188 slide-201\" title=\"Pyykkitupa\" \/><\/li>\n                <li style=\"display: none; width: 100%;\" class=\"slide-202 ms-image\"><img src=\"https:\/\/moonmaster.fi\/moonmaster\/wp-content\/uploads\/2021\/03\/sauna-1-0x0.jpg\" height=\"0\" width=\"0\" alt=\"\" class=\"slider-188 slide-202\" title=\"sauna\" \/><\/li>\n                <li style=\"display: none; width: 100%;\" class=\"slide-203 ms-image\"><img src=\"https:\/\/moonmaster.fi\/moonmaster\/wp-content\/uploads\/2020\/05\/20180309_0152-0x0.jpg\" height=\"0\" width=\"0\" alt=\"Koutamaa m\u00f6kki - sauna\" class=\"slider-188 slide-203\" title=\"Sauna\" \/><\/li>\n            <\/ul>\n        <\/div>\n        \n    <\/div>\n<\/div>\n<\/div>\r\n\r\n\r\n\r\n<div class=\"wp-block-column\">\r\n<h4>Varauskalenteri:<\/h4>\r\n\r\n\r\n<\/div>\r\n<\/div>\r\n\r\n<figure>\r\n<p><iframe class=\"accommodationPagestyled__Iframe-sc-aaoriw-14 cftjwZ\" src=\"https:\/\/varaamo.levi.fi\/shops\/acc\/site\/searchengine.aspx?dcode=MKOU4A&amp;pcode=M12&amp;length=2&amp;culture=FI&amp;style=https:\/\/levi.fi\/css\/reservation-form.css\" height=\"600 px\"><span data-mce-type=\"bookmark\" style=\"display: inline-block; width: 0px; overflow: hidden; line-height: 0;\" class=\"mce_SELRES_start\">\ufeff<\/span><span data-mce-type=\"bookmark\" style=\"display: inline-block; width: 0px; overflow: hidden; line-height: 0;\" class=\"mce_SELRES_start\">\ufeff<\/span><span data-mce-type=\"bookmark\" style=\"display: inline-block; width: 0px; overflow: hidden; line-height: 0;\" class=\"mce_SELRES_start\">\ufeff<\/span><\/iframe><\/p>\r\n<\/figure>\r\n<p>&nbsp;<\/p>\r\n<p>&nbsp;<\/p>\r\n\r\n<p>&nbsp;<\/p>\r\n","protected":false},"excerpt":{"rendered":"<p>Koutamaa m\u00f6kki &#8211; Majoitu Levill\u00e4 Ilveksenpes\u00e4ss\u00e4\u00a0 Ilveksenpes\u00e4 on tunnelmallinen 143 neli\u00f6n Honkarakenteen py\u00f6r\u00f6hirsim\u00f6kki. Koutamaa m\u00f6kki sis\u00e4lt\u00e4\u00e4 vuodepaikkoja maksimissaan 6+2 hengelle: kolme eri kerroksissa olevaa rauhallista\u00a0makuuhuonetta sek\u00e4 vuodesohvat kahdessa eri kerroksessa. Perustiedot: Sijainti: Koutamaantie 4, Koutamaassa (Gondolin ja Levikeskuksen v\u00e4lill\u00e4 oleva alue) Et\u00e4isyydet: suksibussi 650 m, l\u00e4hin ravintola 750 m, kauppa\/huoltoasema\u00a0n. 1 km, Levikeskus\u00a02 km, ladulle [&hellip;]<\/p>\n","protected":false},"author":1,"featured_media":0,"parent":0,"menu_order":0,"comment_status":"closed","ping_status":"closed","template":"templates\/template-full-width.php","meta":[],"yoast_head":"<!-- This site is optimized with the Yoast SEO plugin v18.4.1 - https:\/\/yoast.com\/wordpress\/plugins\/seo\/ -->\n<title>Majoitus Levill\u00e4 - Koutamaa m\u00f6kki - Moonmaster<\/title>\n<meta name=\"description\" content=\"Ilveksenpes\u00e4 on aito 143 neli\u00f6n py\u00f6r\u00f6hirsim\u00f6kki. Koutamaa m\u00f6kki : vuodepaikkoja 6+2 hengelle, 3 makuuhuonetta eri kerroksissa + vuodesohvat\" \/>\n<meta name=\"robots\" content=\"index, follow, max-snippet:-1, max-image-preview:large, max-video-preview:-1\" \/>\n<link rel=\"canonical\" href=\"https:\/\/moonmaster.fi\/moonmaster\/koutamaa-mokki\/\" \/>\n<meta property=\"og:locale\" content=\"fi_FI\" \/>\n<meta property=\"og:type\" content=\"article\" \/>\n<meta property=\"og:title\" content=\"Majoitus Levill\u00e4 - Koutamaa m\u00f6kki - Moonmaster\" \/>\n<meta property=\"og:description\" content=\"Ilveksenpes\u00e4 on aito 143 neli\u00f6n py\u00f6r\u00f6hirsim\u00f6kki. Koutamaa m\u00f6kki : vuodepaikkoja 6+2 hengelle, 3 makuuhuonetta eri kerroksissa + vuodesohvat\" \/>\n<meta property=\"og:url\" content=\"https:\/\/moonmaster.fi\/moonmaster\/koutamaa-mokki\/\" \/>\n<meta property=\"og:site_name\" content=\"Moonmaster\" \/>\n<meta property=\"article:modified_time\" content=\"2026-01-20T17:24:43+00:00\" \/>\n<meta name=\"twitter:card\" content=\"summary_large_image\" \/>\n<meta name=\"twitter:label1\" content=\"Arvioitu lukuaika\" \/>\n\t<meta name=\"twitter:data1\" content=\"2 minuuttia\" \/>\n<script type=\"application\/ld+json\" class=\"yoast-schema-graph\">{\"@context\":\"https:\/\/schema.org\",\"@graph\":[{\"@type\":\"WebSite\",\"@id\":\"https:\/\/moonmaster.fi\/moonmaster\/#website\",\"url\":\"https:\/\/moonmaster.fi\/moonmaster\/\",\"name\":\"Moonmaster\",\"description\":\"Is&auml;nn&ouml;intitoimintaa ja majoitusta Levill&auml;\",\"potentialAction\":[{\"@type\":\"SearchAction\",\"target\":{\"@type\":\"EntryPoint\",\"urlTemplate\":\"https:\/\/moonmaster.fi\/moonmaster\/?s={search_term_string}\"},\"query-input\":\"required name=search_term_string\"}],\"inLanguage\":\"fi\"},{\"@type\":\"WebPage\",\"@id\":\"https:\/\/moonmaster.fi\/moonmaster\/koutamaa-mokki\/#webpage\",\"url\":\"https:\/\/moonmaster.fi\/moonmaster\/koutamaa-mokki\/\",\"name\":\"Majoitus Levill\u00e4 - Koutamaa m\u00f6kki - Moonmaster\",\"isPartOf\":{\"@id\":\"https:\/\/moonmaster.fi\/moonmaster\/#website\"},\"datePublished\":\"2020-04-23T10:52:05+00:00\",\"dateModified\":\"2026-01-20T17:24:43+00:00\",\"description\":\"Ilveksenpes\u00e4 on aito 143 neli\u00f6n py\u00f6r\u00f6hirsim\u00f6kki. Koutamaa m\u00f6kki : vuodepaikkoja 6+2 hengelle, 3 makuuhuonetta eri kerroksissa + vuodesohvat\",\"breadcrumb\":{\"@id\":\"https:\/\/moonmaster.fi\/moonmaster\/koutamaa-mokki\/#breadcrumb\"},\"inLanguage\":\"fi\",\"potentialAction\":[{\"@type\":\"ReadAction\",\"target\":[\"https:\/\/moonmaster.fi\/moonmaster\/koutamaa-mokki\/\"]}]},{\"@type\":\"BreadcrumbList\",\"@id\":\"https:\/\/moonmaster.fi\/moonmaster\/koutamaa-mokki\/#breadcrumb\",\"itemListElement\":[{\"@type\":\"ListItem\",\"position\":1,\"name\":\"Home\",\"item\":\"https:\/\/moonmaster.fi\/moonmaster\/\"},{\"@type\":\"ListItem\",\"position\":2,\"name\":\"Koutamaa m\u00f6kki\"}]}]}<\/script>\n<!-- \/ Yoast SEO plugin. -->","yoast_head_json":{"title":"Majoitus Levill\u00e4 - Koutamaa m\u00f6kki - Moonmaster","description":"Ilveksenpes\u00e4 on aito 143 neli\u00f6n py\u00f6r\u00f6hirsim\u00f6kki. Koutamaa m\u00f6kki : vuodepaikkoja 6+2 hengelle, 3 makuuhuonetta eri kerroksissa + vuodesohvat","robots":{"index":"index","follow":"follow","max-snippet":"max-snippet:-1","max-image-preview":"max-image-preview:large","max-video-preview":"max-video-preview:-1"},"canonical":"https:\/\/moonmaster.fi\/moonmaster\/koutamaa-mokki\/","og_locale":"fi_FI","og_type":"article","og_title":"Majoitus Levill\u00e4 - Koutamaa m\u00f6kki - Moonmaster","og_description":"Ilveksenpes\u00e4 on aito 143 neli\u00f6n py\u00f6r\u00f6hirsim\u00f6kki. Koutamaa m\u00f6kki : vuodepaikkoja 6+2 hengelle, 3 makuuhuonetta eri kerroksissa + vuodesohvat","og_url":"https:\/\/moonmaster.fi\/moonmaster\/koutamaa-mokki\/","og_site_name":"Moonmaster","article_modified_time":"2026-01-20T17:24:43+00:00","twitter_card":"summary_large_image","twitter_misc":{"Arvioitu lukuaika":"2 minuuttia"},"schema":{"@context":"https:\/\/schema.org","@graph":[{"@type":"WebSite","@id":"https:\/\/moonmaster.fi\/moonmaster\/#website","url":"https:\/\/moonmaster.fi\/moonmaster\/","name":"Moonmaster","description":"Is&auml;nn&ouml;intitoimintaa ja majoitusta Levill&auml;","potentialAction":[{"@type":"SearchAction","target":{"@type":"EntryPoint","urlTemplate":"https:\/\/moonmaster.fi\/moonmaster\/?s={search_term_string}"},"query-input":"required name=search_term_string"}],"inLanguage":"fi"},{"@type":"WebPage","@id":"https:\/\/moonmaster.fi\/moonmaster\/koutamaa-mokki\/#webpage","url":"https:\/\/moonmaster.fi\/moonmaster\/koutamaa-mokki\/","name":"Majoitus Levill\u00e4 - Koutamaa m\u00f6kki - Moonmaster","isPartOf":{"@id":"https:\/\/moonmaster.fi\/moonmaster\/#website"},"datePublished":"2020-04-23T10:52:05+00:00","dateModified":"2026-01-20T17:24:43+00:00","description":"Ilveksenpes\u00e4 on aito 143 neli\u00f6n py\u00f6r\u00f6hirsim\u00f6kki. Koutamaa m\u00f6kki : vuodepaikkoja 6+2 hengelle, 3 makuuhuonetta eri kerroksissa + vuodesohvat","breadcrumb":{"@id":"https:\/\/moonmaster.fi\/moonmaster\/koutamaa-mokki\/#breadcrumb"},"inLanguage":"fi","potentialAction":[{"@type":"ReadAction","target":["https:\/\/moonmaster.fi\/moonmaster\/koutamaa-mokki\/"]}]},{"@type":"BreadcrumbList","@id":"https:\/\/moonmaster.fi\/moonmaster\/koutamaa-mokki\/#breadcrumb","itemListElement":[{"@type":"ListItem","position":1,"name":"Home","item":"https:\/\/moonmaster.fi\/moonmaster\/"},{"@type":"ListItem","position":2,"name":"Koutamaa m\u00f6kki"}]}]}},"_links":{"self":[{"href":"https:\/\/moonmaster.fi\/moonmaster\/wp-json\/wp\/v2\/pages\/29"}],"collection":[{"href":"https:\/\/moonmaster.fi\/moonmaster\/wp-json\/wp\/v2\/pages"}],"about":[{"href":"https:\/\/moonmaster.fi\/moonmaster\/wp-json\/wp\/v2\/types\/page"}],"author":[{"embeddable":true,"href":"https:\/\/moonmaster.fi\/moonmaster\/wp-json\/wp\/v2\/users\/1"}],"replies":[{"embeddable":true,"href":"https:\/\/moonmaster.fi\/moonmaster\/wp-json\/wp\/v2\/comments?post=29"}],"version-history":[{"count":53,"href":"https:\/\/moonmaster.fi\/moonmaster\/wp-json\/wp\/v2\/pages\/29\/revisions"}],"predecessor-version":[{"id":419,"href":"https:\/\/moonmaster.fi\/moonmaster\/wp-json\/wp\/v2\/pages\/29\/revisions\/419"}],"wp:attachment":[{"href":"https:\/\/moonmaster.fi\/moonmaster\/wp-json\/wp\/v2\/media?parent=29"}],"curies":[{"name":"wp","href":"https:\/\/api.w.org\/{rel}","templated":true}]}}